{"id":14,"date":"2008-06-25T20:22:37","date_gmt":"2008-06-25T18:22:37","guid":{"rendered":"http:\/\/blog.it4sport.de\/?page_id=12"},"modified":"2021-07-13T09:28:03","modified_gmt":"2021-07-13T07:28:03","slug":"impressum","status":"publish","type":"page","link":"https:\/\/gmbd.de\/wordpress\/index.php\/impressum\/","title":{"rendered":"Impressum"},"content":{"rendered":"<p>Verantwortlich f\u00fcr den Inhalt:<br \/>\nGerd M\u00fcller<br \/>\nF\u00f6hrenhain 14<br \/>\n91154 Roth<\/p>\n<p>Inhaltlich Verantwortlicher gem\u00e4\u00df \u00a7 10 Absatz 3 MDStV: (s.o.)<\/p>\n<p>Dieses Werk und sein Inhalt sind unter einer <a href=\"http:\/\/creativecommons.org\/licenses\/by\/3.0\/\" rel=\"license\">Creative Commons-Lizenz<\/a> lizenziert.<\/p>\n<p>Alle Empfehlungen dieser Website stellen die Meinungen und Erfahrungen der Autoren dar. Sie haben diese nach bestem Wissen und Gewissen \u00fcberpr\u00fcft. Die Autoren k\u00f6nnen deshalb f\u00fcr eventuelle Sch\u00e4den, die aus den auf dieser Website gegebenen Hinweisen hervorgehen k\u00f6nnten, keine Haftung \u00fcbernehmen.<\/p>\n<p>Haftungshinweis: Trotz sorgf\u00e4ltiger inhaltlicher Kontrolle \u00fcbernehmen wir keine Haftung f\u00fcr die Inhalte externer Links. F\u00fcr den Inhalt der verlinkten Seiten sind ausschlie\u00dflich deren Betreiber verantwortlich.<\/p>\n","protected":false},"excerpt":{"rendered":"<p>Verantwortlich f\u00fcr den Inhalt: Gerd M\u00fcller F\u00f6hrenhain 14 91154 Roth Inhaltlich Verantwortlicher gem\u00e4\u00df \u00a7 10 Absatz 3 MDStV: (s.o.) Dieses Werk und sein Inhalt sind unter einer Creative Commons-Lizenz lizenziert. Alle Empfehlungen dieser Website stellen die Meinungen und Erfahrungen der Autoren dar. Sie haben diese nach bestem Wissen und Gewissen \u00fcberpr\u00fcft. Die Autoren k\u00f6nnen deshalb\u2026 <span class=\"read-more\"><a href=\"https:\/\/gmbd.de\/wordpress\/index.php\/impressum\/\">Weiterlesen &raquo;<\/a><\/span><\/p>\n","protected":false},"author":2,"featured_media":0,"parent":0,"menu_order":2,"comment_status":"closed","ping_status":"closed","template":"","meta":[],"_links":{"self":[{"href":"https:\/\/gmbd.de\/wordpress\/index.php\/wp-json\/wp\/v2\/pages\/14"}],"collection":[{"href":"https:\/\/gmbd.de\/wordpress\/index.php\/wp-json\/wp\/v2\/pages"}],"about":[{"href":"https:\/\/gmbd.de\/wordpress\/index.php\/wp-json\/wp\/v2\/types\/page"}],"author":[{"embeddable":true,"href":"https:\/\/gmbd.de\/wordpress\/index.php\/wp-json\/wp\/v2\/users\/2"}],"replies":[{"embeddable":true,"href":"https:\/\/gmbd.de\/wordpress\/index.php\/wp-json\/wp\/v2\/comments?post=14"}],"version-history":[{"count":3,"href":"https:\/\/gmbd.de\/wordpress\/index.php\/wp-json\/wp\/v2\/pages\/14\/revisions"}],"predecessor-version":[{"id":1913,"href":"https:\/\/gmbd.de\/wordpress\/index.php\/wp-json\/wp\/v2\/pages\/14\/revisions\/1913"}],"wp:attachment":[{"href":"https:\/\/gmbd.de\/wordpress\/index.php\/wp-json\/wp\/v2\/media?parent=14"}],"curies":[{"name":"wp","href":"https:\/\/api.w.org\/{rel}","templated":true}]}}