{"id":8,"date":"2008-06-23T10:20:12","date_gmt":"2008-06-23T08:20:12","guid":{"rendered":"https:\/\/gmbd.de\/wordpress\/?page_id=6"},"modified":"2008-06-23T10:20:12","modified_gmt":"2008-06-23T08:20:12","slug":"about","status":"publish","type":"page","link":"https:\/\/gmbd.de\/wordpress\/index.php\/about\/","title":{"rendered":"Weshalb?"},"content":{"rendered":"<p>\t\t\t\tWeshalb schreibe ich diesen Blog?<\/p>\n<p>Erstmal schreibe ich den Blog prim\u00e4r f\u00fcr mich. Ich habe einen sinnvollen Weg gesucht Notizen zu machen. Am Ende habe ich mich auch f\u00fcr einen eigenen Blog entschieden. Warum denn das? Nun ein Blog hat f\u00fcr mich folgende Vorteile:<\/p>\n<ol>\n<li>Ich brauche keine besondere Software und kann von \u00fcberall schreiben. Sogar vom Handy aus<\/li>\n<li>Meine  Notizen lassen sich prima kategorisieren und suchen<\/li>\n<li>Die Eintr\u00e4ge \u201cveralten\u201d. Vorher habe ich mit einem Wiki experimentiert. Die Pflege eines Wikis kostet aber viel Zeit. Im Blog haben die Eintr\u00e4ge ein Datum und man sieht schnell wie aktuell sie sind.<\/li>\n<li>Freue ich mich auch \u00fcber Kommentare (falls \u00fcberhaupt jemand das lesen will was ich mir aufschreibe)<\/li>\n<\/ol>\n<p>\u00dcbrigens schreibe ich hier ausschlie\u00dflich \u00fcber meine privaten IT Themen. Also wer etwas \u00fcber meine Arbeit bei meinem Arbeitgeber oder meine Famile erfahren will wird hier nichts finden. <\/p>\n","protected":false},"excerpt":{"rendered":"<p>Weshalb schreibe ich diesen Blog? Erstmal schreibe ich den Blog prim\u00e4r f\u00fcr mich. Ich habe einen sinnvollen Weg gesucht Notizen zu machen. Am Ende habe ich mich auch f\u00fcr einen eigenen Blog entschieden. Warum denn das? Nun ein Blog hat f\u00fcr mich folgende Vorteile: Ich brauche keine besondere Software und kann von \u00fcberall schreiben. Sogar\u2026 <span class=\"read-more\"><a href=\"https:\/\/gmbd.de\/wordpress\/index.php\/about\/\">Weiterlesen &raquo;<\/a><\/span><\/p>\n","protected":false},"author":2,"featured_media":0,"parent":0,"menu_order":1,"comment_status":"open","ping_status":"closed","template":"","meta":[],"_links":{"self":[{"href":"https:\/\/gmbd.de\/wordpress\/index.php\/wp-json\/wp\/v2\/pages\/8"}],"collection":[{"href":"https:\/\/gmbd.de\/wordpress\/index.php\/wp-json\/wp\/v2\/pages"}],"about":[{"href":"https:\/\/gmbd.de\/wordpress\/index.php\/wp-json\/wp\/v2\/types\/page"}],"author":[{"embeddable":true,"href":"https:\/\/gmbd.de\/wordpress\/index.php\/wp-json\/wp\/v2\/users\/2"}],"replies":[{"embeddable":true,"href":"https:\/\/gmbd.de\/wordpress\/index.php\/wp-json\/wp\/v2\/comments?post=8"}],"version-history":[{"count":0,"href":"https:\/\/gmbd.de\/wordpress\/index.php\/wp-json\/wp\/v2\/pages\/8\/revisions"}],"wp:attachment":[{"href":"https:\/\/gmbd.de\/wordpress\/index.php\/wp-json\/wp\/v2\/media?parent=8"}],"curies":[{"name":"wp","href":"https:\/\/api.w.org\/{rel}","templated":true}]}}